{"id":436,"date":"2025-04-30T17:39:53","date_gmt":"2025-04-30T17:39:53","guid":{"rendered":"https:\/\/discover.beachcabins.be\/faq\/"},"modified":"2025-08-05T18:36:29","modified_gmt":"2025-08-05T18:36:29","slug":"faq","status":"publish","type":"page","link":"https:\/\/discover.beachcabins.be\/fr\/faq\/","title":{"rendered":"FAQ"},"content":{"rendered":"<div class=\"wpb-content-wrapper\"><p>[vc_row][vc_column column_width_percent=\u00a0\u00bb100&Prime; gutter_size=\u00a0\u00bb2&Prime; overlay_alpha=\u00a0\u00bb50&Prime; shift_x=\u00a0\u00bb0&Prime; shift_y=\u00a0\u00bb0&Prime; shift_y_down=\u00a0\u00bb0&Prime; z_index=\u00a0\u00bb0&Prime; medium_width=\u00a0\u00bb0&Prime; mobile_width=\u00a0\u00bb0&Prime; width=\u00a0\u00bb2\/3&Prime; uncode_shortcode_id=\u00a0\u00bb148895&Prime;][vc_custom_heading uncode_shortcode_id=\u00a0\u00bb302385&Prime;]Je suis locataire[\/vc_custom_heading][vc_accordion history=\u00a0\u00bbyes\u00a0\u00bb typography=\u00a0\u00bbadvanced\u00a0\u00bb gutter_simple=\u00a0\u00bb0&Prime; titles_size=\u00a0\u00bbcustom\u00a0\u00bb titles_weight=\u00a0\u00bb700&Prime; uncode_shortcode_id=\u00a0\u00bb723699&Prime; active_tab=\u00a0\u00bb0&Prime; heading_custom_size=\u00a0\u00bb18&Prime;][vc_accordion_tab gutter_size=\u00a0\u00bb2&Prime; column_padding=\u00a0\u00bb2&Prime; title=\u00a0\u00bb\ud83c\udf0a Qu&rsquo;est-ce que Beachcabins ?\u00a0\u00bb tab_id=\u00a0\u00bb1746032438-1-991749984823436&Prime; slug=\u00a0\u00bb\ud83c\udf0a Wat is Beachcabins?\u00a0\u00bb][vc_column_text uncode_shortcode_id=\u00a0\u00bb350527&Prime;]Beachcabins est la premi\u00e8re plateforme de partage en ligne pour les cabines de plage sur la c\u00f4te flamande.<\/p>\n<p>En appliquant les principes de l&rsquo;\u00e9conomie collaborative et la technologie des plateformes num\u00e9riques, nous rendons l&rsquo;exp\u00e9rience authentique de la plage plus accessible.<\/p>\n<p>Nous ne poss\u00e9dons pas nos propres cabines : nous sommes une place de march\u00e9 o\u00f9 notre communaut\u00e9 loue et met en location des cabines de plage.<\/p>\n<p>Ensemble, nous cr\u00e9ons de la valeur. \ud83c\udf1e[\/vc_column_text][\/vc_accordion_tab][vc_accordion_tab gutter_size=\u00a0\u00bb2&Prime; column_padding=\u00a0\u00bb2&Prime; title=\u00a0\u00bbDans quelles communes \u00eates-vous actifs ?\u00a0\u00bb tab_id=\u00a0\u00bb1746032438-2-301749984823436&Prime; slug=\u00a0\u00bbIn welke gemeentes zijn jullie actief?\u00a0\u00bb][vc_column_text uncode_shortcode_id=\u00a0\u00bb116776&Prime;]Nous commen\u00e7ons intelligemment avec un lancement contr\u00f4l\u00e9 \u00e0 De Panne. \ud83d\ude80<\/p>\n<p>Plus tard ? Esp\u00e9rons partout le long de la c\u00f4te \u2014 si les communes nous le permettent. \ud83c\udf1f<\/p>\n<p>Pas \u00e0 pas, nous contribuons \u00e0 construire une nouvelle culture de plage partag\u00e9e.[\/vc_column_text][\/vc_accordion_tab][\/vc_accordion][vc_empty_space empty_h=\u00a0\u00bb1&Prime;][vc_custom_heading uncode_shortcode_id=\u00a0\u00bb181430&Prime;]Je suis propri\u00e9taire[\/vc_custom_heading][vc_accordion history=\u00a0\u00bbyes\u00a0\u00bb typography=\u00a0\u00bbadvanced\u00a0\u00bb gutter_simple=\u00a0\u00bb0&Prime; titles_size=\u00a0\u00bbcustom\u00a0\u00bb titles_weight=\u00a0\u00bb700&Prime; uncode_shortcode_id=\u00a0\u00bb259873&Prime; active_tab=\u00a0\u00bb0&Prime; heading_custom_size=\u00a0\u00bb18&Prime;][vc_accordion_tab gutter_size=\u00a0\u00bb2&Prime; column_padding=\u00a0\u00bb2&Prime; title=\u00a0\u00bb\ud83c\udf0a Qu&rsquo;est-ce que Beachcabins ?\u00a0\u00bb tab_id=\u00a0\u00bb1746032438-1-9917499848234365&Prime; slug=\u00a0\u00bb\ud83c\udf0a Qu&rsquo;est-ce que Beachcabins 2&Prime;][vc_column_text uncode_shortcode_id=\u00a0\u00bb350527&Prime;]Beachcabins est la premi\u00e8re plateforme de partage en ligne pour les cabines de plage sur la c\u00f4te flamande.<\/p>\n<p>En appliquant les principes de l&rsquo;\u00e9conomie collaborative et la technologie des plateformes num\u00e9riques, nous rendons l&rsquo;exp\u00e9rience authentique de la plage plus accessible.<\/p>\n<p>Nous ne poss\u00e9dons pas nos propres cabines : nous sommes une place de march\u00e9 o\u00f9 notre communaut\u00e9 loue et met en location des cabines de plage.<\/p>\n<p>Ensemble, nous cr\u00e9ons de la valeur. \ud83c\udf1e[\/vc_column_text][\/vc_accordion_tab][vc_accordion_tab gutter_size=\u00a0\u00bb2&Prime; column_padding=\u00a0\u00bb2&Prime; title=\u00a0\u00bbDans quelles communes \u00eates-vous actifs ?\u00a0\u00bb tab_id=\u00a0\u00bb1746032438-2-3017499848234363&Prime; slug=\u00a0\u00bbDans quelles communes \u00eates-vous actifs 2&Prime;][vc_column_text uncode_shortcode_id=\u00a0\u00bb116776&Prime;]Nous commen\u00e7ons intelligemment avec un lancement contr\u00f4l\u00e9 \u00e0 De Panne. \ud83d\ude80<\/p>\n<p>Plus tard ? Esp\u00e9rons partout le long de la c\u00f4te \u2014 si les communes nous le permettent. \ud83c\udf1f<\/p>\n<p>Pas \u00e0 pas, nous contribuons \u00e0 construire une nouvelle culture de plage partag\u00e9e.[\/vc_column_text][\/vc_accordion_tab][vc_accordion_tab gutter_size=\u00a0\u00bb2&Prime; column_padding=\u00a0\u00bb2&Prime; title=\u00a0\u00bbComment puis-je mettre ma cabine sur beachcabins ?\u00a0\u00bb tab_id=\u00a0\u00bb1746032927753-2-217499848234360&Prime; slug=\u00a0\u00bbHoe plaats ik mijn cabine op beachcabins?\u00a0\u00bb][vc_column_text uncode_shortcode_id=\u00a0\u00bb194560&Prime;]<\/p>\n<ul class=\"ak-ul\" data-indent-level=\"1\">\n<li>\n<p data-renderer-start-pos=\"770\">Cr\u00e9ez un compte \ud83d\udcf2<\/p>\n<\/li>\n<li>\n<p data-renderer-start-pos=\"797\">Ajoutez une photo et une description \ud83d\udcf8<\/p>\n<\/li>\n<li>\n<p data-renderer-start-pos=\"837\">Mentionnez votre \u00e9quipement (par ex. 4 chaises, parasol, paravent) \u2600\ufe0f<\/p>\n<\/li>\n<li>\n<p data-renderer-start-pos=\"904\">D\u00e9terminez votre prix de location et p\u00e9riode de disponibilit\u00e9 \ud83d\udcb6<\/p>\n<\/li>\n<li>\n<p data-renderer-start-pos=\"948\">(Optionnel) Demandez une caution au locataire \ud83d\udd10<\/p>\n<\/li>\n<\/ul>\n<p data-renderer-start-pos=\"1000\"><strong>Conseils d&rsquo;assurance<\/strong> :<\/p>\n<ul class=\"ak-ul\" data-indent-level=\"1\">\n<li>\n<p data-renderer-start-pos=\"1021\">Les dommages caus\u00e9s par le locataire sont g\u00e9n\u00e9ralement couverts par son assurance familiale (franchise jusqu&rsquo;\u00e0 250 \u20ac).<\/p>\n<\/li>\n<li>\n<p data-renderer-start-pos=\"1122\">Les dommages d&rsquo;incendie sont couverts par l&rsquo;assurance incendie du propri\u00e9taire.<\/p>\n<\/li>\n<\/ul>\n<p>[\/vc_column_text][\/vc_accordion_tab][vc_accordion_tab gutter_size=\u00a0\u00bb2&Prime; column_padding=\u00a0\u00bb2&Prime; title=\u00a0\u00bbComment fonctionne le paiement ?\u00a0\u00bb tab_id=\u00a0\u00bb1749987264354-3-0&Prime; slug=\u00a0\u00bbHoe werkt betaling?\u00a0\u00bb][vc_column_text uncode_shortcode_id=\u00a0\u00bb805467&Prime;]Tous les paiements se font en toute s\u00e9curit\u00e9 et automatiquement via notre partenaire Stripe.<\/p>\n<p>Rapide, transparent et fiable. \ud83d\ude80<br \/>\nVous recevez votre loyer directement, sans paperasse ni interm\u00e9diaires.[\/vc_column_text][\/vc_accordion_tab][vc_accordion_tab gutter_size=\u00a0\u00bb2&Prime; column_padding=\u00a0\u00bb2&Prime; title=\u00a0\u00bbDois-je facturer la TVA ?\u00a0\u00bb tab_id=\u00a0\u00bb1749987295964-4-10&Prime; slug=\u00a0\u00bbMoet ik btw aanrekenen?\u00a0\u00bb][vc_column_text uncode_shortcode_id=\u00a0\u00bb456541&Prime;]<\/p>\n<p data-renderer-start-pos=\"1443\">Non.<br \/>\nTant que vous n&rsquo;offrez pas de services suppl\u00e9mentaires (comme le nettoyage, la r\u00e9ception ou le petit-d\u00e9jeuner), vous n&rsquo;\u00eates pas assujetti \u00e0 la TVA.<br \/>\n\u2705 Pas de TVA sur le prix de location<br \/>\n\u2705 Pas besoin de num\u00e9ro de TVA<\/p>\n<p data-renderer-start-pos=\"1630\">Dois-je d\u00e9clarer mes revenus ?<br \/>\nOui.<br \/>\nLes revenus locatifs doivent \u00eatre d\u00e9clar\u00e9s dans votre d\u00e9claration fiscale annuelle comme \u00ab revenus divers \u00bb.<\/p>\n<ul class=\"ak-ul\" data-indent-level=\"1\">\n<li>\n<p data-renderer-start-pos=\"1764\">Pas de pr\u00e9compte mobilier automatique.<\/p>\n<\/li>\n<li>\n<p data-renderer-start-pos=\"1807\">Impos\u00e9 via votre imp\u00f4t ordinaire sur le revenu.<\/p>\n<\/li>\n<li>\n<p data-renderer-start-pos=\"1850\">Vous pouvez d\u00e9duire automatiquement 50 % de frais.<\/p>\n<\/li>\n<\/ul>\n<p data-renderer-start-pos=\"1894\">Combien me reste-t-il net ?<br \/>\nUn exemple pratique :<br \/>\nLocation brute (15 jours \u00e0 70 \u20ac\/jour) : 1 050 \u20ac<br \/>\nD\u00e9duction forfaitaire des frais (50 %) : -525 \u20ac<br \/>\nRevenu imposable : 525 \u20ac<br \/>\nImp\u00f4t estim\u00e9 (40 %) : -210 \u20ac<br \/>\nRendement net : \u00b1 840 \u20ac<\/p>\n<p data-renderer-start-pos=\"2112\">Que se passe-t-il si je ne loue que quelques jours ?<br \/>\nVous devez quand m\u00eame d\u00e9clarer officiellement les revenus, m\u00eame pour de petits montants.<br \/>\nEn pratique, il existe une grande tol\u00e9rance fiscale pour la location occasionnelle et limit\u00e9e (&lt; 1 000 \u20ac).<\/p>\n<p data-renderer-start-pos=\"2318\">Qui est responsable de la d\u00e9claration ?<br \/>\nVous, en tant que propri\u00e9taire.<br \/>\nBeachcabins facilite uniquement la plateforme et ne retient pas d&rsquo;imp\u00f4ts.<\/p>\n<p data-renderer-start-pos=\"2454\">\u2728 En r\u00e9sum\u00e9 :<\/p>\n<ul class=\"ak-ul\" data-indent-level=\"1\">\n<li>\n<p data-renderer-start-pos=\"2471\">Pas d&rsquo;obligation de TVA<\/p>\n<\/li>\n<li>\n<p data-renderer-start-pos=\"2490\">D\u00e9clarer les revenus comme revenus divers<\/p>\n<\/li>\n<li>\n<p data-renderer-start-pos=\"2534\">50 % de frais d\u00e9ductibles forfaitairement<\/p>\n<\/li>\n<li>\n<p data-renderer-start-pos=\"2570\">La majorit\u00e9 du revenu reste net pour vous<\/p>\n<\/li>\n<\/ul>\n<p>[\/vc_column_text][\/vc_accordion_tab][\/vc_accordion][\/vc_column][vc_column column_width_percent=\u00a0\u00bb100&Prime; gutter_size=\u00a0\u00bb2&Prime; back_color=\u00a0\u00bbcolor-xsdn\u00a0\u00bb overlay_alpha=\u00a0\u00bb50&Prime; radius=\u00a0\u00bbstd\u00a0\u00bb shadow=\u00a0\u00bbstd\u00a0\u00bb shift_x=\u00a0\u00bb0&Prime; shift_y=\u00a0\u00bb0&Prime; shift_y_down=\u00a0\u00bb0&Prime; z_index=\u00a0\u00bb0&Prime; medium_width=\u00a0\u00bb0&Prime; mobile_width=\u00a0\u00bb0&Prime; sticky=\u00a0\u00bbyes\u00a0\u00bb width=\u00a0\u00bb1\/3&Prime; uncode_shortcode_id=\u00a0\u00bb291956&Prime; back_color_type=\u00a0\u00bbuncode-palette\u00a0\u00bb][vc_single_image media=\u00a0\u00bb165&Prime; media_width_percent=\u00a0\u00bb100&Prime; media_ratio=\u00a0\u00bbsixteen-nine\u00a0\u00bb uncode_shortcode_id=\u00a0\u00bb930189&Prime;][vc_custom_heading heading_semantic=\u00a0\u00bbh3&Prime; text_size=\u00a0\u00bbh3&Prime; uncode_shortcode_id=\u00a0\u00bb196577&Prime;]Votre question n&rsquo;y figure pas ?[\/vc_custom_heading][vc_column_text uncode_shortcode_id=\u00a0\u00bb696243&Prime;]Contactez-nous. Nous sommes l\u00e0 pour r\u00e9pondre \u00e0 toutes vos questions[\/vc_column_text][vc_button border_width=\u00a0\u00bb0&Prime; uncode_shortcode_id=\u00a0\u00bb178716&Prime; link=\u00a0\u00bburl:https%3A%2F%2Fdiscover.beachcabins.be%2Ffr%2Fcontact%2F|title:Contact\u00a0\u00bb]Contact[\/vc_button][\/vc_column][\/vc_row][vc_row][vc_column width=\u00a0\u00bb1\/1&Prime;][uncode_block id=\u00a0\u00bb396&Prime;][\/vc_column][\/vc_row]<\/p>\n<\/div>","protected":false},"excerpt":{"rendered":"<p>Premi\u00e8re fois que vous louez ou mettez en location une cabine de plage ? Nous vous aidons ! Consultez ci-dessous les r\u00e9ponses aux questions fr\u00e9quemment pos\u00e9es.  <\/p>\n","protected":false},"author":1,"featured_media":0,"parent":0,"menu_order":0,"comment_status":"closed","ping_status":"closed","template":"","meta":{"_acf_changed":false,"footnotes":""},"class_list":["post-436","page","type-page","status-publish","hentry"],"acf":[],"_links":{"self":[{"href":"https:\/\/discover.beachcabins.be\/fr\/wp-json\/wp\/v2\/pages\/436","targetHints":{"allow":["GET"]}}],"collection":[{"href":"https:\/\/discover.beachcabins.be\/fr\/wp-json\/wp\/v2\/pages"}],"about":[{"href":"https:\/\/discover.beachcabins.be\/fr\/wp-json\/wp\/v2\/types\/page"}],"author":[{"embeddable":true,"href":"https:\/\/discover.beachcabins.be\/fr\/wp-json\/wp\/v2\/users\/1"}],"replies":[{"embeddable":true,"href":"https:\/\/discover.beachcabins.be\/fr\/wp-json\/wp\/v2\/comments?post=436"}],"version-history":[{"count":4,"href":"https:\/\/discover.beachcabins.be\/fr\/wp-json\/wp\/v2\/pages\/436\/revisions"}],"predecessor-version":[{"id":733,"href":"https:\/\/discover.beachcabins.be\/fr\/wp-json\/wp\/v2\/pages\/436\/revisions\/733"}],"wp:attachment":[{"href":"https:\/\/discover.beachcabins.be\/fr\/wp-json\/wp\/v2\/media?parent=436"}],"curies":[{"name":"wp","href":"https:\/\/api.w.org\/{rel}","templated":true}]}}