{"id":460,"date":"2025-05-22T06:20:02","date_gmt":"2025-05-22T06:20:02","guid":{"rendered":"https:\/\/discover.beachcabins.be\/politique-de-cookies\/"},"modified":"2025-07-30T11:53:05","modified_gmt":"2025-07-30T11:53:05","slug":"politique-de-cookies","status":"publish","type":"page","link":"https:\/\/discover.beachcabins.be\/fr\/politique-de-cookies\/","title":{"rendered":"Politique de cookies"},"content":{"rendered":"<div class=\"wpb-content-wrapper\"><p>[vc_row][vc_column width=\u00a0\u00bb2\/3&Prime;][vc_column_text uncode_shortcode_id=\u00a0\u00bb582985&Prime;]<\/p>\n<h2>1. Pourquoi cette politique de cookies ?<\/h2>\n<p>1.1. Notre site web disponible sur www.beachcabins.be utilise des cookies. Nous, Eskidoos BV, avec le num\u00e9ro d&rsquo;entreprise BE0745808056 et dont le si\u00e8ge social est situ\u00e9 \u00e0 WEZELSTRAAT 8, 9032 WONDELGEM (ci-apr\u00e8s \u00e9galement \u00ab nous \u00bb ou \u00ab notre \u00bb) sommes responsables de l&rsquo;utilisation de ces cookies et du traitement de vos donn\u00e9es via ou en relation avec les cookies sur notre site web. Vous pouvez nous contacter par e-mail \u00e0 thibault@eksidoos.be.<\/p>\n<p>1.2. Cette politique de cookies vous informe sur l&rsquo;utilisation et l&rsquo;objectif des cookies sur notre site web. Cette politique est mise \u00e0 votre disposition par voie \u00e9lectronique et peut \u00eatre consult\u00e9e \u00e0 tout moment dans la rubrique \u00ab Politique de cookies \u00bb sur notre site web. Nous nous r\u00e9servons le droit de modifier cette politique de cookies \u00e0 tout moment. Les modifications seront annonc\u00e9es sur le site web.<\/p>\n<h2>2. Que sont les cookies et \u00e0 quoi servent-ils ?<\/h2>\n<p>2.1. Les cookies sont de petits fichiers de donn\u00e9es qui sont stock\u00e9s par le navigateur sur le disque dur de votre ordinateur ou appareil lorsque vous visitez et\/ou consultez un site web ou utilisez une application (mobile), ce qui permet de stocker certaines informations utilisateur. Les fichiers de cookies contiennent des codes uniques qui permettent, par exemple, \u00e0 votre navigateur de vous reconna\u00eetre lors de votre visite sur le site web, am\u00e9liorant ainsi votre exp\u00e9rience utilisateur. Les cookies facilitent l&rsquo;interaction entre le visiteur et un site web et sont utilis\u00e9s pour am\u00e9liorer l&rsquo;exp\u00e9rience utilisateur et pour collecter des statistiques parmi les visiteurs d&rsquo;un site web. Les cookies permettent \u00e9galement de sauvegarder vos param\u00e8tres et pr\u00e9f\u00e9rences personnels ou de lire du contenu audio et vid\u00e9o. Certains cookies peuvent \u00eatre plac\u00e9s par un tiers pour mesurer l&rsquo;utilisation d&rsquo;un site web.<\/p>\n<p>2.2. Les cookies peuvent, entre autres, nous aider \u00e0 am\u00e9liorer votre exp\u00e9rience avec notre site web et \u00e0 garantir qu&rsquo;il fonctionne de mani\u00e8re optimale comme vous l&rsquo;attendez. Ainsi, nous pouvons am\u00e9liorer votre exp\u00e9rience d&rsquo;utilisation d&rsquo;un site web, par exemple en suivant votre utilisation de notre site web, afin qu&rsquo;il puisse \u00eatre am\u00e9lior\u00e9 pour r\u00e9pondre \u00e0 vos besoins. Nous pouvons \u00e9galement nous assurer que les publicit\u00e9s que vous voyez en ligne sont plus pertinentes pour vous et vos int\u00e9r\u00eats.<\/p>\n<h2>3. Activer et d\u00e9sactiver les cookies &#8211; gestion<\/h2>\n<p>3.1. Vous pouvez modifier vos pr\u00e9f\u00e9rences via votre navigateur \u00e0 tout moment en suivant les instructions des liens ci-dessous, selon votre navigateur :<\/p>\n<ul>\n<li><a href=\"https:\/\/support.microsoft.com\/nl-nl\/windows\/internet-explorer-instellingen-wijzigen-of-opnieuw-instellen-2d4bac50-5762-91c5-a057-a922533f77d5\" target=\"_blank\" rel=\"noopener\">Internet Explorer<\/a><\/li>\n<li><a href=\"https:\/\/discover.beachcabins.be\/fr\/pour-les-proprietaires-de-cabines\/\" target=\"_blank\" rel=\"noopener\">Mozilla Firefox<\/a><\/li>\n<li><a href=\"https:\/\/support.google.com\/chrome\/answer\/114662?hl=nl&amp;co=GENIE.Platform%3DDesktop\" target=\"_blank\" rel=\"noopener\">Google Chrome<\/a><\/li>\n<li><a href=\"https:\/\/support.apple.com\/nl-be\/guide\/iphone\/iphb3100d149\/ios#:~:text=Je%20kunt%20Safari%2Dinstellingen%20ook,de%20instellingen%20aan%20te%20passen.\" target=\"_blank\" rel=\"noopener\">Apple Safari<\/a><\/li>\n<\/ul>\n<p>3.2. L&rsquo;utilisation des cookies peut \u00eatre d\u00e9sactiv\u00e9e. Via votre navigateur, vous pouvez supprimer les cookies automatiquement ou manuellement et vous pouvez indiquer vous-m\u00eame si certains cookies peuvent \u00eatre plac\u00e9s ou non. Vous pouvez \u00e9galement configurer votre navigateur pour recevoir un message lorsqu&rsquo;un cookie est plac\u00e9.<\/p>\n<p>Si vous d\u00e9sactivez les cookies, il est possible que le site web ne fonctionne plus correctement ou que certains \u00e9l\u00e9ments (graphiques) ou applications du site web fonctionnent moins bien ou plus du tout.<\/p>\n<h2>4. Consentement<\/h2>\n<p>4.1. Pour placer et consulter des cookies via le site web sur votre \u00e9quipement terminal, votre consentement est requis, sauf s&rsquo;il s&rsquo;agit du stockage technique d&rsquo;informations ou de la fourniture d&rsquo;un service express\u00e9ment demand\u00e9 par vous lorsque le placement d&rsquo;un cookie est strictement n\u00e9cessaire \u00e0 cette fin.<\/p>\n<p>Pour les cookies fonctionnels ou essentiels, votre consentement n&rsquo;est donc pas requis.<\/p>\n<p>Votre consentement est bien requis pour les cookies non fonctionnels ou non essentiels. Votre consentement doit alors :<\/p>\n<ul>\n<li>\u00eatre obtenu avant que les cookies ne soient plac\u00e9s. Lorsque votre consentement n&rsquo;est pas donn\u00e9, aucun cookie ne peut \u00eatre plac\u00e9 ;<\/li>\n<li>\u00eatre inform\u00e9, c&rsquo;est pourquoi nous vous informons des diff\u00e9rents cookies via cette politique ;<\/li>\n<li>\u00eatre explicite et actif. Votre consentement est donc obtenu en cochant les cases dans la banni\u00e8re de cookies sur notre site web ;<\/li>\n<\/ul>\n<p>\u00eatre sp\u00e9cifique et donc \u00eatre obtenu par cookie ou par cat\u00e9gorie de cookie.<\/p>\n<p>4.2. Les cookies fonctionnels ou essentiels sont n\u00e9cessaires pour le fonctionnement optimal de notre site web, pour afficher certains \u00e9l\u00e9ments graphiques, etc. Ces cookies sont techniquement n\u00e9cessaires au bon fonctionnement et \u00e0 la s\u00e9curit\u00e9 du site web. Ces cookies sont donc plac\u00e9s sans votre consentement car ils s&rsquo;inscrivent dans le cadre de nos int\u00e9r\u00eats l\u00e9gitimes dans la mesure o\u00f9 ceux-ci pr\u00e9valent sur vos droits et int\u00e9r\u00eats (de confidentialit\u00e9).<\/p>\n<p>Les cookies non fonctionnels ou non essentiels, en revanche, sont plac\u00e9s \u00e0 des fins statistiques, sociales et\/ou commerciales et sont ind\u00e9pendants du fonctionnement technique ou du support de notre site web. Il s&rsquo;agit par exemple des cookies suivants :<\/p>\n<ul>\n<li><strong>Cookies analytiques :<\/strong> ces cookies sont utilis\u00e9s pour \u00e9tablir des statistiques sur le nombre de visiteurs du site web, les pages web les plus populaires, etc. Ces cookies montrent comment le site web est utilis\u00e9. Ainsi, nous savons entre autres combien de fois une page particuli\u00e8re est lue, combien de temps quelqu&rsquo;un passe sur notre site web, etc. Des analyses statistiques sont effectu\u00e9es \u00e0 partir des informations que nous recevons de cette mani\u00e8re. Gr\u00e2ce \u00e0 ces r\u00e9sultats statistiques, nous pouvons am\u00e9liorer la structure, la navigation et le contenu de notre site web et des services associ\u00e9s. Nous utilisons \u00e9galement ces donn\u00e9es pour rapporter de mani\u00e8re g\u00e9n\u00e9rale sur nos services ou dans le cadre de recherches auxquelles nous participons. Aucune donn\u00e9e personnelle n&rsquo;est transmise. Le consentement de chaque visiteur est requis pour le placement de ces cookies.<\/li>\n<li><strong style=\"font-family: -apple-system, BlinkMacSystemFont, 'Segoe UI', Roboto, Oxygen-Sans, Ubuntu, Cantarell, 'Helvetica Neue', sans-serif;\">Cookies marketing :<\/strong><span style=\"font-family: -apple-system, BlinkMacSystemFont, 'Segoe UI', Roboto, Oxygen-Sans, Ubuntu, Cantarell, 'Helvetica Neue', sans-serif;\"> via ces cookies, l&rsquo;offre publicitaire en ligne est personnalis\u00e9e.<\/span><\/li>\n<li><strong style=\"font-family: -apple-system, BlinkMacSystemFont, 'Segoe UI', Roboto, Oxygen-Sans, Ubuntu, Cantarell, 'Helvetica Neue', sans-serif;\">Cookies de m\u00e9dias sociaux :<\/strong><span style=\"font-family: -apple-system, BlinkMacSystemFont, 'Segoe UI', Roboto, Oxygen-Sans, Ubuntu, Cantarell, 'Helvetica Neue', sans-serif;\"> ces cookies offrent la possibilit\u00e9 d&rsquo;inclure des boutons de sites de r\u00e9seaux sociaux. Les boutons fonctionnent via un code provenant de ces sites. Un outil pratique pour promouvoir des pages web comme &lsquo;aimer&rsquo; et &lsquo;\u00e9pingler&rsquo;. <\/span><\/li>\n<\/ul>\n<p>4.3. Si vous avez donn\u00e9 votre consentement via notre site web pour utiliser des cookies non fonctionnels, vous pouvez modifier ce param\u00e8tre \u00e0 tout moment et retirer votre consentement. Les cookies d\u00e9j\u00e0 install\u00e9s seront alors supprim\u00e9s. Vous pouvez le faire par email \u00e0 wannes@beachcabins.be<\/p>\n<p>\u00c0 tout moment, vous pouvez retirer votre consentement pour nos cookies, m\u00eame si vous l&rsquo;avez donn\u00e9 pr\u00e9c\u00e9demment. N&rsquo;oubliez pas cependant que si vous n&rsquo;acceptez pas certains de nos cookies, l&rsquo;exp\u00e9rience utilisateur peut en souffrir.<\/p>\n<h2>5. Cookies tiers<\/h2>\n<p>5.1. Notre site web utilise ses propres cookies (cookies de premi\u00e8re partie) qui sont directement plac\u00e9s par notre site web, mais aussi des cookies de tiers dont les services sont (peuvent \u00eatre) utilis\u00e9s sur le site web (cookies de tiers) et qui sont plac\u00e9s par un domaine diff\u00e9rent du domaine de notre site web. Ceci est \u00e9galement indiqu\u00e9 dans la deuxi\u00e8me colonne du tableau sous l&rsquo;article 6.2 ci-dessous.<\/p>\n<p>5.2. Les cookies de premi\u00e8re partie ne supposent pas de transfert de donn\u00e9es personnelles \u00e0 des tiers, mais peuvent utiliser un sous-traitant tiers, par exemple pour \u00e9tablir des statistiques. Votre consentement est \u00e9galement requis pour placer, par exemple, des cookies analytiques de premi\u00e8re partie.<\/p>\n<p>5.3. Les cookies tiers permettent l&rsquo;envoi de donn\u00e9es personnelles \u00e0 des tiers, soit directement (par exemple par un composant actif li\u00e9 \u00e0 une banni\u00e8re ou un pixel espion), soit indirectement en pla\u00e7ant des cookies accessibles \u00e0 d&rsquo;autres sites web que celui de l&rsquo;annonceur.<\/p>\n<p>Par exemple, nous utilisons <strong>Google Analytics<\/strong> pour recueillir des informations sur la fa\u00e7on dont vous utilisez notre site web. Nous utilisons ces informations pour compiler des rapports et pour nous aider \u00e0 am\u00e9liorer le site web.<\/p>\n<p>Google Analytics enregistre, entre autres, des informations sur :<\/p>\n<ul>\n<li>les pages que vous visitez ;<\/li>\n<li>le temps que vous passez sur chaque page ;<\/li>\n<li>comment vous \u00eates arriv\u00e9 sur le site ;<\/li>\n<li>sur quoi vous cliquez pendant que vous visitez le site.<\/li>\n<\/ul>\n<p>Ces cookies conserv\u00e9s en toute s\u00e9curit\u00e9 ne recueillent pas d&rsquo;informations qui identifient un visiteur. Toutes les informations recueillies par ces cookies sont totalement anonymes. Nous n&rsquo;utilisons ces informations que pour am\u00e9liorer notre site web. Si vous ne souhaitez pas que Google Analytics suive tous les sites web, envoyez un e-mail \u00e0 wannes@beachabins.be<\/p>\n<h2>6. Les cookies sur notre site web<\/h2>\n<p>6.1. Le tableau ci-dessous donne un aper\u00e7u des cookies que nous utilisons sur notre site web, pourquoi nous les utilisons et d&rsquo;o\u00f9 ils proviennent. Nous indiquons \u00e9galement si un cookie est un cookie \u00ab permanent \u00bb ou de \u00ab session \u00bb. La diff\u00e9rence est que :<\/p>\n<p>Les cookies permanents restent sur votre appareil entre les sessions de navigation. Ils sont activ\u00e9s chaque fois que vous visitez le site web qui a cr\u00e9\u00e9 ce cookie sp\u00e9cifique. Par exemple, si un \u00ab cookie permanent \u00bb est utilis\u00e9 sur un site web pour m\u00e9moriser votre langue pr\u00e9f\u00e9r\u00e9e, vous n&rsquo;avez pas besoin de choisir cette langue chaque fois que vous visitez ce site.<\/p>\n<p>Les cookies de session nous permettent de lier les actions d&rsquo;un utilisateur pendant une session de navigation. Une session de navigation commence lorsque vous ouvrez la fen\u00eatre du navigateur et se termine lorsque vous fermez la fen\u00eatre du navigateur. Les cookies de session sont cr\u00e9\u00e9s temporairement. Une fois que vous avez ferm\u00e9 le navigateur, tous les cookies de session sont supprim\u00e9s.<\/p>\n<p>6.2. Les cookies suivants (peuvent) sont utilis\u00e9s sur notre site web :<\/p>\n<p><strong>Cookies n\u00e9cessaires<\/strong><\/p>\n<table border=\"1\">\n<tbody>\n<tr>\n<th>Nom<\/th>\n<th>Fournisseur<\/th>\n<th>Objectif<\/th>\n<th>Conservation des donn\u00e9es<\/th>\n<th>Type<\/th>\n<\/tr>\n<tr>\n<td>__cf_bm<\/td>\n<td>bubble.io<\/td>\n<td>Cookie de s\u00e9curit\u00e9 pour d\u00e9tecter les bots<\/td>\n<td>30 minutes<\/td>\n<td>Cookie HTTP<\/td>\n<\/tr>\n<tr>\n<td>bubble_user<\/td>\n<td>bubble.io<\/td>\n<td>Suit les informations de session des utilisateurs connect\u00e9s<\/td>\n<td>Dur\u00e9e de session<\/td>\n<td>Cookie HTTP<\/td>\n<\/tr>\n<\/tbody>\n<\/table>\n<blockquote><p>Ces cookies sont n\u00e9cessaires au bon fonctionnement du site web et ne peuvent pas \u00eatre d\u00e9sactiv\u00e9s.<\/p><\/blockquote>\n<p><strong><span class=\"TextRun MacChromeBold SCXW110971533 BCX0\" lang=\"NL-BE\" xml:lang=\"NL-BE\" data-contrast=\"auto\"><span class=\"NormalTextRun SCXW110971533 BCX0\" data-ccp-parastyle=\"heading 4\">Cookies statistiques<\/span><\/span> <\/strong><\/p>\n<table border=\"1\">\n<tbody>\n<tr>\n<th>Nom<\/th>\n<th>Fournisseur<\/th>\n<th>Objectif<\/th>\n<th>Conservation des donn\u00e9es<\/th>\n<th>Type<\/th>\n<\/tr>\n<tr>\n<td>_ga<\/td>\n<td>Google Analytics<\/td>\n<td>Enregistre un ID unique pour g\u00e9n\u00e9rer des statistiques<\/td>\n<td>2 ans<\/td>\n<td>Cookie HTTP<\/td>\n<\/tr>\n<tr>\n<td>_gid<\/td>\n<td>Google Analytics<\/td>\n<td>Enregistre un ID unique pour l&rsquo;analyse quotidienne<\/td>\n<td>24 heures<\/td>\n<td>Cookie HTTP<\/td>\n<\/tr>\n<tr>\n<td>_gat<\/td>\n<td>Google Analytics<\/td>\n<td>Utilis\u00e9 pour limiter la vitesse des requ\u00eates<\/td>\n<td>1 minute<\/td>\n<td>Cookie HTTP<\/td>\n<\/tr>\n<\/tbody>\n<\/table>\n<blockquote><p>Ces cookies nous aident \u00e0 comprendre le comportement des visiteurs et ainsi \u00e0 am\u00e9liorer l&rsquo;exp\u00e9rience utilisateur. Ils ne sont plac\u00e9s qu&rsquo;avec votre consentement.<\/p><\/blockquote>\n<p><strong>Cookies marketing<\/strong><\/p>\n<table border=\"1\">\n<tbody>\n<tr>\n<th>Nom<\/th>\n<th>Fournisseur<\/th>\n<th>Objectif<\/th>\n<th>Conservation des donn\u00e9es<\/th>\n<th>Type<\/th>\n<\/tr>\n<tr>\n<td>_gcl_au<\/td>\n<td>Google Ads<\/td>\n<td>Utilis\u00e9 par Google AdSense pour des exp\u00e9riences sur l&rsquo;efficacit\u00e9 des publicit\u00e9s<\/td>\n<td>3 mois<\/td>\n<td>Cookie HTTP<\/td>\n<\/tr>\n<\/tbody>\n<\/table>\n<blockquote><p>Ces cookies sont utilis\u00e9s pour rendre les publicit\u00e9s plus pertinentes pour l&rsquo;utilisateur et suivre leurs int\u00e9r\u00eats sur diff\u00e9rents sites web.<\/p><\/blockquote>\n<h2>Des questions ?<\/h2>\n<p>N&rsquo;h\u00e9sitez pas \u00e0 nous contacter : wannes@beachcains.be[\/vc_column_text][\/vc_column][vc_column column_width_percent=\u00a0\u00bb100&Prime; gutter_size=\u00a0\u00bb3&Prime; overlay_alpha=\u00a0\u00bb50&Prime; shift_x=\u00a0\u00bb0&Prime; shift_y=\u00a0\u00bb0&Prime; shift_y_down=\u00a0\u00bb0&Prime; z_index=\u00a0\u00bb0&Prime; medium_visibility=\u00a0\u00bbyes\u00a0\u00bb medium_width=\u00a0\u00bb0&Prime; mobile_visibility=\u00a0\u00bbyes\u00a0\u00bb mobile_width=\u00a0\u00bb0&Prime; width=\u00a0\u00bb1\/3&Prime; uncode_shortcode_id=\u00a0\u00bb103510&Prime;][\/vc_column][\/vc_row]<\/p>\n<\/div>","protected":false},"excerpt":{"rendered":"<p>[vc_row][vc_column width=\u00a0\u00bb2\/3&Prime;][vc_column_text uncode_shortcode_id=\u00a0\u00bb582985&Prime;] 1. Pourquoi cette politique de cookies ? 1.1. Notre site web disponible sur www.beachcabins.be utilise des cookies. [&hellip;]<\/p>\n","protected":false},"author":2,"featured_media":0,"parent":0,"menu_order":0,"comment_status":"closed","ping_status":"closed","template":"","meta":{"_acf_changed":false,"footnotes":""},"class_list":["post-460","page","type-page","status-publish","hentry"],"acf":[],"_links":{"self":[{"href":"https:\/\/discover.beachcabins.be\/fr\/wp-json\/wp\/v2\/pages\/460","targetHints":{"allow":["GET"]}}],"collection":[{"href":"https:\/\/discover.beachcabins.be\/fr\/wp-json\/wp\/v2\/pages"}],"about":[{"href":"https:\/\/discover.beachcabins.be\/fr\/wp-json\/wp\/v2\/types\/page"}],"author":[{"embeddable":true,"href":"https:\/\/discover.beachcabins.be\/fr\/wp-json\/wp\/v2\/users\/2"}],"replies":[{"embeddable":true,"href":"https:\/\/discover.beachcabins.be\/fr\/wp-json\/wp\/v2\/comments?post=460"}],"version-history":[{"count":2,"href":"https:\/\/discover.beachcabins.be\/fr\/wp-json\/wp\/v2\/pages\/460\/revisions"}],"predecessor-version":[{"id":475,"href":"https:\/\/discover.beachcabins.be\/fr\/wp-json\/wp\/v2\/pages\/460\/revisions\/475"}],"wp:attachment":[{"href":"https:\/\/discover.beachcabins.be\/fr\/wp-json\/wp\/v2\/media?parent=460"}],"curies":[{"name":"wp","href":"https:\/\/api.w.org\/{rel}","templated":true}]}}