{"id":464,"date":"2025-05-22T06:50:52","date_gmt":"2025-05-22T06:50:52","guid":{"rendered":"https:\/\/discover.beachcabins.be\/politique-de-confidentialite\/"},"modified":"2025-07-30T11:53:44","modified_gmt":"2025-07-30T11:53:44","slug":"politique-de-confidentialite","status":"publish","type":"page","link":"https:\/\/discover.beachcabins.be\/fr\/politique-de-confidentialite\/","title":{"rendered":"Politique de confidentialit\u00e9"},"content":{"rendered":"<div class=\"wpb-content-wrapper\"><p>[vc_row][vc_column width=\u00a0\u00bb2\/3&Prime;][vc_column_text uncode_shortcode_id=\u00a0\u00bb212425&Prime;]<\/p>\n<h2>Pourquoi cette politique de confidentialit\u00e9 ?<\/h2>\n<p>Ceci est la politique de confidentialit\u00e9 de Beachcabins. Vous trouverez nos coordonn\u00e9es dans l&rsquo;article 3 ci-dessous.<\/p>\n<p>Nous prenons votre vie priv\u00e9e tr\u00e8s au s\u00e9rieux. C&rsquo;est pourquoi nous prenons toutes les mesures appropri\u00e9es pour prot\u00e9ger vos donn\u00e9es personnelles conform\u00e9ment \u00e0 la l\u00e9gislation applicable en mati\u00e8re de protection des donn\u00e9es, y compris le R\u00e8glement G\u00e9n\u00e9ral sur la Protection des Donn\u00e9es (RGPD).<\/p>\n<p>Cette politique s&rsquo;applique au traitement de vos donn\u00e9es par Beachcabins via notre site web disponible sur www.beachcabins.be. Cette politique de confidentialit\u00e9 explique, entre autres, quelles donn\u00e9es personnelles nous traitons via le site web, comment nous le faisons, pourquoi nous le faisons, quels droits vous avez et avec qui nous pouvons partager vos donn\u00e9es. Nous essayons de vous informer de mani\u00e8re aussi transparente que possible.<\/p>\n<p>Nous vous recommandons de lire attentivement cette politique. Vous pouvez consulter cette politique \u00e0 tout moment dans la rubrique \u00ab Politique de confidentialit\u00e9 \u00bb sur notre site web.<\/p>\n<p>Pour toute question ou demande, vous pouvez toujours envoyer un e-mail \u00e0 wannes@beachcabins.be.<\/p>\n<p>Attention. Cette politique ne couvre pas la politique de confidentialit\u00e9, les d\u00e9clarations ou les conditions de tiers ni des sites web \u00e9ventuels auxquels il est fait r\u00e9f\u00e9rence par des hyperliens sur notre site web.<\/p>\n<p>Nous pouvons modifier cette politique de confidentialit\u00e9 \u00e0 tout moment. Consultez-la donc r\u00e9guli\u00e8rement. La politique de confidentialit\u00e9 modifi\u00e9e sera publi\u00e9e sur notre site web.<\/p>\n<p>Cette politique de confidentialit\u00e9 est soumise au droit belge. Seuls les tribunaux de [lieu] (division(s) [\u2026]) sont comp\u00e9tents en cas de litige.<\/p>\n<h2>2. Qui est responsable du traitement de vos donn\u00e9es via le site web ?<\/h2>\n<p>2.1. Nous, Beachcabins. Nous sommes ce qu&rsquo;on appelle le \u00ab responsable du traitement \u00bb pour utiliser un terme technique. Cela signifie que nous d\u00e9terminons la finalit\u00e9 et les moyens du traitement et que nous sommes responsables du traitement l\u00e9gitime et correct de vos donn\u00e9es via notre site web.<\/p>\n<h2>3. Comment pouvez-vous nous contacter ?<\/h2>\n<ul>\n<li>Forme juridique : SRL<\/li>\n<li>Nom de la soci\u00e9t\u00e9 : Eskidoos<\/li>\n<li>Nom commercial \/ marque : Eskidoos SRL<\/li>\n<li>Si\u00e8ge social : Wezelstraat 8, 9032 Gand<\/li>\n<li>Num\u00e9ro d&rsquo;entreprise (BCE) : BE0745808056<\/li>\n<li>E-mail : thibault@eskidoos.be<\/li>\n<li>Lien du site web : www.eksidoos.be<\/li>\n<\/ul>\n<h2>4. Quelles donn\u00e9es traitons-nous \u00e0 votre sujet et comment ?<\/h2>\n<p>4.1. Beachcabins traite les donn\u00e9es suivantes vous concernant<\/p>\n<p>Donn\u00e9es d&rsquo;identification :<\/p>\n<ul>\n<li>Nom, pr\u00e9nom<\/li>\n<li>Identifiant utilisateur<\/li>\n<li>Adresse e-mail<\/li>\n<li>Num\u00e9ro de t\u00e9l\u00e9phone<\/li>\n<\/ul>\n<p>Donn\u00e9es \u00e9lectroniques :<\/p>\n<ul>\n<li>Donn\u00e9es de l&rsquo;appareil, donn\u00e9es de fichiers journaux telles que l&rsquo;adresse IP, le navigateur et le syst\u00e8me d&rsquo;exploitation<\/li>\n<li>Pages visit\u00e9es (et date et heure des moments de connexion)<\/li>\n<li>Cookies<\/li>\n<\/ul>\n<p>Donn\u00e9es financi\u00e8res :<\/p>\n<ul>\n<li>Num\u00e9ro de compte bancaire (trait\u00e9 par Stripe)<\/li>\n<li>Num\u00e9ro de carte de cr\u00e9dit (trait\u00e9 par Stripe)<\/li>\n<\/ul>\n<p>Images :<\/p>\n<ul>\n<li>Beachcabins re\u00e7oit des images directement de vous lorsque vous t\u00e9l\u00e9chargez des photos lors de la publication d&rsquo;une annonce pour votre cabine de plage.<\/li>\n<\/ul>\n<p>4.2. Beachcabins peut recevoir vos donn\u00e9es directement de vous, car vous les fournissez via le formulaire de contact sur le site web.<\/p>\n<p>Beachcabins peut recevoir et traiter vos donn\u00e9es personnelles dans le cadre du contrat avec vous lorsque vous cr\u00e9ez un compte utilisateur pour louer ou mettre en location une cabine de plage, lorsque vous contactez Beachcabins pour des informations (par t\u00e9l\u00e9phone, par \u00e9crit ou via le site web) ou via des cookies sur notre site web.<\/p>\n<p>Beachcabins peut \u00e9galement recevoir vos donn\u00e9es de Google Analytics<\/p>\n<p>Beachcabins utilise Google Analytics pour comprendre l&rsquo;utilisation de notre site web et de notre application. Nous collectons ainsi des donn\u00e9es statistiques sur votre visite, telles que les pages consult\u00e9es, les sources de trafic, le comportement de clic et les caract\u00e9ristiques techniques de votre appareil et de votre navigateur. Ces informations nous aident \u00e0 am\u00e9liorer nos services et \u00e0 rendre l&rsquo;exp\u00e9rience aussi agr\u00e9able et personnelle que possible.<\/p>\n<p>Les donn\u00e9es collect\u00e9es par Google Analytics sont anonymis\u00e9es (les adresses IP sont masqu\u00e9es) et ne sont pas partag\u00e9es avec d&rsquo;autres services Google ni utilis\u00e9es \u00e0 des fins publicitaires.<\/p>\n<h2>5. Pourquoi et sur quelle base traitons-nous vos donn\u00e9es ?<\/h2>\n<p>Nous traitons vos donn\u00e9es d&rsquo;identification (nom, pr\u00e9nom, identifiant utilisateur, e-mail et num\u00e9ro de t\u00e9l\u00e9phone) car cela est n\u00e9cessaire pour vous fournir nos services, notamment pour faciliter la location et la mise en location de cabines de plage.<\/p>\n<p>Nous traitons vos donn\u00e9es financi\u00e8res (num\u00e9ro de compte bancaire et\/ou num\u00e9ro de carte de cr\u00e9dit) via notre partenaire de paiement Stripe car cela est n\u00e9cessaire pour l&rsquo;ex\u00e9cution de votre contrat de location ou de mise en location.<\/p>\n<p>Beachcabins a un int\u00e9r\u00eat commercial et orient\u00e9 client \u00e0 r\u00e9pondre efficacement aux questions et demandes. Vos droits \u00e0 la vie priv\u00e9e sont minimalement affect\u00e9s car Beachcabins traite exclusivement les donn\u00e9es strictement n\u00e9cessaires pour r\u00e9pondre \u00e0 vos questions et fournir un support ad\u00e9quat. Le traitement est limit\u00e9 aux donn\u00e9es d&rsquo;identification et de communication.<\/p>\n<p>Beachcabins traite les donn\u00e9es \u00e9lectroniques via Google Analytics (donn\u00e9es de l&rsquo;appareil, donn\u00e9es des fichiers journaux telles que l&rsquo;adresse IP (masqu\u00e9e), donn\u00e9es du navigateur et du syst\u00e8me d&rsquo;exploitation, pages visit\u00e9es avec date et heure) pour comprendre l&rsquo;utilisation du site web et de l&rsquo;application, et ainsi am\u00e9liorer les services.<\/p>\n<p>Pour les cookies non n\u00e9cessaires (comme les cookies analytiques et marketing), Beachcabins demande votre consentement pr\u00e9alable. Vous pouvez donner ce consentement librement et le retirer \u00e0 tout moment via les param\u00e8tres de votre navigateur ou via notre banni\u00e8re de cookies. Pour les cookies strictement n\u00e9cessaires (fonctionnels), l&rsquo;int\u00e9r\u00eat l\u00e9gitime de Beachcabins s&rsquo;applique afin d&rsquo;assurer le bon fonctionnement du site web.<\/p>\n<p>Beachcabins traite les photos t\u00e9l\u00e9charg\u00e9es par les loueurs car cela est n\u00e9cessaire \u00e0 l&rsquo;ex\u00e9cution du contrat (visibilit\u00e9 de la cabine \u00e0 louer).<\/p>\n<p>5.1. Beachcabins traite vos donn\u00e9es personnelles pour :<\/p>\n<p>Prise de contact, renseignements, information :<\/p>\n<p>Nous traitons vos donn\u00e9es personnelles via le site web pour entrer en contact avec vous, traiter vos questions \u00e9ventuelles et vous fournir les renseignements et informations n\u00e9cessaires concernant notre entreprise, nos services, notre site web ou d&rsquo;autres informations li\u00e9es \u00e0 nos services ou activit\u00e9s<\/p>\n<p>Le traitement de vos donn\u00e9es \u00e0 ces fins est bas\u00e9 sur nos int\u00e9r\u00eats l\u00e9gitimes dans la mesure o\u00f9 ils pr\u00e9valent sur vos droits ou int\u00e9r\u00eats (de confidentialit\u00e9).<\/p>\n<p>Si vous ne fournissez pas certaines donn\u00e9es, comme vos donn\u00e9es d&rsquo;identification, il est possible que nous ne puissions pas vous contacter (\u00e0 nouveau), vous fournir des informations ou vous proposer des produits ou services.<\/p>\n<p>Marketing direct :<\/p>\n<p>Vos donn\u00e9es peuvent \u00eatre utilis\u00e9es pour le marketing direct. Cela consiste \u00e0 vous envoyer, via notre newsletter ou d&rsquo;autres moyens, des informations sur nos services ou d&rsquo;autres informations qui pourraient \u00eatre int\u00e9ressantes ou utiles pour vous.<\/p>\n<p>Si vous \u00eates client chez nous, cela peut se faire sur la base de nos int\u00e9r\u00eats l\u00e9gitimes \u00e0 entreprendre, qui pr\u00e9valent le cas \u00e9ch\u00e9ant sur vos droits ou int\u00e9r\u00eats (de confidentialit\u00e9). Si vous n&rsquo;\u00eates pas client chez nous, nous avons besoin de votre consentement pr\u00e9alable (par exemple en vous inscrivant via notre site web). Votre consentement est, le cas \u00e9ch\u00e9ant, libre et vous pouvez le retirer \u00e0 tout moment.<\/p>\n<p>Si vous souhaitez que nous ne traitions plus vos donn\u00e9es personnelles \u00e0 des fins de marketing direct, vous avez toujours le droit de vous opposer (vous d\u00e9sabonner ou vous opposer \u00e0 un tel traitement), et ce gratuitement et sans avoir \u00e0 fournir de raison (voir aussi l&rsquo;article 9.3 ci-dessous). Pour cela, vous pouvez toujours nous contacter via : wannes@beachcabins.be.<\/p>\n<p>Assurer un fonctionnement optimal de notre site web :<\/p>\n<p>Lorsque vous visitez ou consultez le site web, nous pouvons traiter certaines donn\u00e9es \u00e9lectroniques, comme les cookies et l&rsquo;adresse IP (voir article 4.1 ci-dessus). Les cookies facilitent l&rsquo;interaction entre vous, en tant que visiteur, et notre site web, et sont utilis\u00e9s pour am\u00e9liorer l&rsquo;exp\u00e9rience utilisateur et pour recueillir des statistiques parmi les visiteurs de notre site web. Les cookies permettent \u00e9galement d&rsquo;enregistrer vos param\u00e8tres et pr\u00e9f\u00e9rences personnels ou de lire du mat\u00e9riel audio et vid\u00e9o. Certains cookies peuvent \u00eatre plac\u00e9s par Google Analytics pour mesurer l&rsquo;utilisation de notre site web.<\/p>\n<p>Vous trouverez plus d&rsquo;informations sur l&rsquo;utilisation des cookies dans notre politique en mati\u00e8re de cookies : <a href=\"https:\/\/policies.google.com\/technologies\/partner-sites\" target=\"_blank\" rel=\"noopener\">https:\/\/policies.google.com\/technologies\/partner-sites<\/a><\/p>\n<p>Le transfert \u00e9ventuel \u00e0 nos partenaires, prestataires de services, fournisseurs et\/ou autres parties contractantes de Beachcabins comme notre gestionnaire web ou fournisseur d&rsquo;h\u00e9bergement pour l&rsquo;ex\u00e9cution des points pr\u00e9c\u00e9dents.<\/p>\n<p>Le respect de la l\u00e9gislation applicable.<\/p>\n<h2>6. Qui re\u00e7oit ou traite encore vos donn\u00e9es (en plus de Beachcabins) ?<\/h2>\n<p>6.1. Vos donn\u00e9es sont \u00e9galement trait\u00e9es par nos partenaires, prestataires de services ou fournisseurs avec lesquels nous collaborons dans le cadre du site web, par exemple notre(s) gestionnaire(s) web, fournisseur(s) d&rsquo;h\u00e9bergement et\/ou partenaires informatiques, qui ne traitent vos donn\u00e9es que dans le cadre de votre visite et utilisation du site web.<\/p>\n<p>6.2. Nous ne sommes pas responsables du traitement de vos donn\u00e9es par des tiers qui ne le font pas pour le compte de Beachcabins, mais qui en sont eux-m\u00eames responsables.<\/p>\n<p>6.3. Beachcabins peut \u00eatre oblig\u00e9e de fournir ou de traiter vos donn\u00e9es en vertu d&rsquo;une obligation l\u00e9gale qui lui incombe et\/ou suite \u00e0 une demande \u00e9manant des autorit\u00e9s de contr\u00f4le ou des instances gouvernementales.<\/p>\n<h2>7. Vos donn\u00e9es personnelles sont-elles transf\u00e9r\u00e9es en dehors de l&rsquo;UE\/EEE ?<\/h2>\n<p>Vos donn\u00e9es ne sont pas transf\u00e9r\u00e9es en dehors de l&rsquo;UE\/EEE.<\/p>\n<h2>8. Combien de temps conservons-nous vos donn\u00e9es ?<\/h2>\n<p>Nous ne conserverons pas vos donn\u00e9es plus longtemps que n\u00e9cessaire aux fins d\u00e9crites ci-dessus \u00e0 l&rsquo;article 5, sauf si des dispositions l\u00e9gales particuli\u00e8res s&rsquo;appliquent \u00e0 leur conservation ou \u00e0 leur traitement. Pour plus d&rsquo;informations sur les d\u00e9lais de conservation des donn\u00e9es trait\u00e9es via les cookies sur notre site web : [ins\u00e9rer hyperlien vers la politique en mati\u00e8re de cookies]. Pour certaines donn\u00e9es, des d\u00e9lais de conservation l\u00e9gaux sp\u00e9cifiques peuvent s&rsquo;appliquer. Dans tous les cas, le principe selon lequel nous ne conservons pas vos donn\u00e9es plus longtemps que n\u00e9cessaire s&rsquo;applique toujours. Si vos donn\u00e9es personnelles ne sont plus n\u00e9cessaires aux fins pr\u00e9vues, nous les supprimerons ou les anonymiserons si n\u00e9cessaire.<\/p>\n<h2>9. Quels sont vos droits ?<\/h2>\n<p>9.1. Vous avez le droit d&rsquo;\u00eatre inform\u00e9 sur le traitement de vos donn\u00e9es. Cela vous est communiqu\u00e9 par le biais de cette politique de confidentialit\u00e9. Vous pouvez \u00e9galement nous demander de vous fournir des informations suppl\u00e9mentaires.<\/p>\n<p>9.2. Vous avez le droit de nous demander :<\/p>\n<p>l&rsquo;acc\u00e8s \u00e0 vos donn\u00e9es.<\/p>\n<p>Pour cela, vous pouvez obtenir gratuitement une copie des informations demand\u00e9es. Si vous demandez des copies suppl\u00e9mentaires, nous pouvons vous facturer une compensation raisonnable \u00e0 titre de frais administratifs.<\/p>\n<p>la rectification de vos donn\u00e9es (si n\u00e9cessaire) ;<\/p>\n<p>l&rsquo;effacement de vos donn\u00e9es personnelles si :<\/p>\n<ul>\n<li>le traitement de ces donn\u00e9es n&rsquo;est plus n\u00e9cessaire aux fins pour lesquelles elles ont \u00e9t\u00e9 trait\u00e9es par nos soins ;<\/li>\n<li>vous avez retir\u00e9 un consentement donn\u00e9 pr\u00e9c\u00e9demment ;<\/li>\n<li>vous vous opposez au traitement par nos soins ;<\/li>\n<li>les donn\u00e9es personnelles auraient \u00e9t\u00e9 trait\u00e9es de mani\u00e8re illicite par nos soins ;<\/li>\n<li>cela est n\u00e9cessaire pour respecter une obligation l\u00e9gale ; ou<\/li>\n<li>les donn\u00e9es personnelles auraient \u00e9t\u00e9 trait\u00e9es dans le cadre d&rsquo;une offre de services en ligne destin\u00e9e aux enfants.<\/li>\n<\/ul>\n<p>la limitation du traitement vous concernant.<\/p>\n<p>Vous avez le droit d&rsquo;obtenir une limitation du traitement si vous :<\/p>\n<ul>\n<li>contestez l&rsquo;exactitude des donn\u00e9es dont nous disposons ;<\/li>\n<li>le traitement est illicite et vous vous opposez \u00e0 l&rsquo;effacement des donn\u00e9es personnelles et demandez \u00e0 la place la limitation de leur utilisation ;<\/li>\n<li>nous n&rsquo;avons plus besoin de ces donn\u00e9es alors que vous en avez encore besoin pour la constatation, l&rsquo;exercice ou la d\u00e9fense de droits en justice ; ou<\/li>\n<li>en attendant une r\u00e9ponse \u00e0 la question de savoir si les motifs l\u00e9gitimes de Beachcabins pr\u00e9valent sur les v\u00f4tres ou sur vos droits (de confidentialit\u00e9) si vous vous \u00eates oppos\u00e9 au traitement sur la base de notre int\u00e9r\u00eat l\u00e9gitime.<\/li>\n<\/ul>\n<p>9.3. Vous avez le droit de vous opposer au traitement de vos donn\u00e9es.<\/p>\n<p>Vous pouvez \u00e0 tout moment et gratuitement vous opposer au traitement de vos donn\u00e9es \u00e0 des fins de marketing direct.<\/p>\n<p>Cela peut se faire simplement en le faisant savoir via <a href=\"mailto:wannes@beachcabins.be\">wannes@beachcabins.be<\/a><\/p>\n<p>9.4. Vous avez le droit \u00e0 la portabilit\u00e9 de vos donn\u00e9es (vers un autre responsable du traitement). Cela n&rsquo;est possible que si le traitement par nos soins est bas\u00e9 sur votre consentement ou si le traitement est effectu\u00e9 par des proc\u00e9d\u00e9s automatis\u00e9s.<\/p>\n<p>9.5. Si le traitement de vos donn\u00e9es personnelles est bas\u00e9 sur votre consentement, vous avez le droit de retirer votre consentement \u00e0 tout moment.<\/p>\n<p>9.6. Vous avez en outre le droit d&rsquo;introduire une plainte aupr\u00e8s de l&rsquo;Autorit\u00e9 de Protection des Donn\u00e9es (Rue de la Presse 35, 1000 Bruxelles \u2013 T : +32(0)2 274 48 00 \u2013 E : contact@apd-gba.be). En cas de plainte, vous pouvez \u00e9galement contacter directement Wannes Dolfen : wannes@beachcabins.be.<\/p>\n<p>9.7. L&rsquo;exercice de vos droits, tels qu&rsquo;expos\u00e9s ci-dessus, d\u00e9pend toujours des exigences et conditions d\u00e9finies dans la l\u00e9gislation applicable (comme le R\u00e8glement G\u00e9n\u00e9ral sur la Protection des Donn\u00e9es (le \u00ab RGPD \u00bb)).<\/p>\n<p>9.8. Pour l&rsquo;exercice de vos droits, vous pouvez simplement adresser une demande \u00e0 Beachcabins \u00e0 wannes@beachcabins.be. Vous devez toutefois vous identifier de mani\u00e8re ad\u00e9quate. Lorsque nous avons des raisons de douter de votre identit\u00e9, nous pouvons vous demander des informations suppl\u00e9mentaires n\u00e9cessaires pour confirmer votre identit\u00e9. G\u00e9n\u00e9ralement, nous demanderons une copie de votre carte d&rsquo;identit\u00e9 pour v\u00e9rifier qui soumet effectivement une demande. Il est pr\u00e9f\u00e9rable de veiller \u00e0 ce que toutes les informations ou donn\u00e9es qui ne sont pas n\u00e9cessaires \u00e0 la v\u00e9rification et \u00e0 la confirmation de votre identit\u00e9 soient marqu\u00e9es en noir ou autrement supprim\u00e9es ou rendues illisibles.<\/p>\n<h2>Des questions ?<\/h2>\n<p>N&rsquo;h\u00e9sitez pas \u00e0 nous contacter : wannes@beachcabins.be.[\/vc_column_text][\/vc_column][vc_column column_width_percent=\u00a0\u00bb100&Prime; gutter_size=\u00a0\u00bb3&Prime; overlay_alpha=\u00a0\u00bb50&Prime; shift_x=\u00a0\u00bb0&Prime; shift_y=\u00a0\u00bb0&Prime; shift_y_down=\u00a0\u00bb0&Prime; z_index=\u00a0\u00bb0&Prime; medium_visibility=\u00a0\u00bbyes\u00a0\u00bb medium_width=\u00a0\u00bb0&Prime; mobile_visibility=\u00a0\u00bbyes\u00a0\u00bb mobile_width=\u00a0\u00bb0&Prime; width=\u00a0\u00bb1\/3&Prime; uncode_shortcode_id=\u00a0\u00bb329073&Prime;][\/vc_column][\/vc_row]<\/p>\n<\/div>","protected":false},"excerpt":{"rendered":"<p>[vc_row][vc_column width=\u00a0\u00bb2\/3&Prime;][vc_column_text uncode_shortcode_id=\u00a0\u00bb212425&Prime;] Pourquoi cette politique de confidentialit\u00e9 ? Ceci est la politique de confidentialit\u00e9 de Beachcabins. Vous trouverez nos [&hellip;]<\/p>\n","protected":false},"author":2,"featured_media":0,"parent":0,"menu_order":0,"comment_status":"closed","ping_status":"closed","template":"","meta":{"_acf_changed":false,"footnotes":""},"class_list":["post-464","page","type-page","status-publish","hentry"],"acf":[],"_links":{"self":[{"href":"https:\/\/discover.beachcabins.be\/fr\/wp-json\/wp\/v2\/pages\/464","targetHints":{"allow":["GET"]}}],"collection":[{"href":"https:\/\/discover.beachcabins.be\/fr\/wp-json\/wp\/v2\/pages"}],"about":[{"href":"https:\/\/discover.beachcabins.be\/fr\/wp-json\/wp\/v2\/types\/page"}],"author":[{"embeddable":true,"href":"https:\/\/discover.beachcabins.be\/fr\/wp-json\/wp\/v2\/users\/2"}],"replies":[{"embeddable":true,"href":"https:\/\/discover.beachcabins.be\/fr\/wp-json\/wp\/v2\/comments?post=464"}],"version-history":[{"count":2,"href":"https:\/\/discover.beachcabins.be\/fr\/wp-json\/wp\/v2\/pages\/464\/revisions"}],"predecessor-version":[{"id":478,"href":"https:\/\/discover.beachcabins.be\/fr\/wp-json\/wp\/v2\/pages\/464\/revisions\/478"}],"wp:attachment":[{"href":"https:\/\/discover.beachcabins.be\/fr\/wp-json\/wp\/v2\/media?parent=464"}],"curies":[{"name":"wp","href":"https:\/\/api.w.org\/{rel}","templated":true}]}}